{"id":4,"date":"2023-10-25T15:33:08","date_gmt":"2023-10-25T13:33:08","guid":{"rendered":"https:\/\/www.scanlang.at\/slovene\/?page_id=4"},"modified":"2026-04-23T17:25:14","modified_gmt":"2026-04-23T15:25:14","slug":"scanlang-slovene-languages-technology-business-development","status":"publish","type":"page","link":"https:\/\/www.scanlang.at\/slovene\/","title":{"rendered":"ScanLang &#8211; linguisti\u010dne storitve iz sloven\u0161\u010dine in v sloven\u0161\u010dino"},"content":{"rendered":"\n<div style=\"height:28px\" aria-hidden=\"true\" class=\"wp-block-spacer\"><\/div>\n\n\n<div class=\"wp-block-image\">\n<figure class=\"alignright size-large is-resized\"><img loading=\"lazy\" decoding=\"async\" width=\"900\" height=\"1024\" src=\"https:\/\/www.scanlang.at\/slovene\/wp-content\/uploads\/sites\/7\/2023\/10\/SLO_Webseite-1-900x1024.jpg\" alt=\"Prevajalska ekipa podjetja ScanLang\" class=\"wp-image-35\" style=\"width:251px;height:285px\" srcset=\"https:\/\/www.scanlang.at\/slovene\/wp-content\/uploads\/sites\/7\/2023\/10\/SLO_Webseite-1-900x1024.jpg 900w, https:\/\/www.scanlang.at\/slovene\/wp-content\/uploads\/sites\/7\/2023\/10\/SLO_Webseite-1-264x300.jpg 264w, https:\/\/www.scanlang.at\/slovene\/wp-content\/uploads\/sites\/7\/2023\/10\/SLO_Webseite-1-768x874.jpg 768w, https:\/\/www.scanlang.at\/slovene\/wp-content\/uploads\/sites\/7\/2023\/10\/SLO_Webseite-1-1350x1536.jpg 1350w, https:\/\/www.scanlang.at\/slovene\/wp-content\/uploads\/sites\/7\/2023\/10\/SLO_Webseite-1-1800x2048.jpg 1800w\" sizes=\"auto, (max-width: 900px) 100vw, 900px\" \/><\/figure>\n<\/div>\n\n\n<p class=\"has-text-align-left has-black-color has-text-color has-link-color wp-elements-2d1a169aa45cad4db6b68a87d3923f1a\"><strong>Potrebujete prevajalstvo za tekst iz sloven\u0161\u010dine ali v sloven\u0161\u010dino? Ali pa potrebujete za va\u0161 sestanek v Avstriji<br>zanesljivo tolma\u010denje, da bo potekel s pri\u010dakovanim uspehom? Od prevajalstva in lektoriranja do tolma\u010denja \u2013 mi vam stojimo ob strani in se prilagodimo va\u0161im potrebam.<\/strong><\/p>\n\n\n\n<p class=\"has-black-color has-text-color has-link-color wp-elements-b5488afb9d32f7a11be38f96120d5cf7\">Neodvisno od vrste teksta se trudimo, da bo prevod izveden s strani strokovnjakov na va\u0161im podro\u010dju. S tem obdr\u017eite kakovosten prevod, na katerega se lahko zanesete. Nudimo prevajalstvo na razli\u010dnih podro\u010djih \u2013 od pravnega dokumenta do besedila za uspe\u0161en marketing&nbsp;ali tudi tehni\u010dni prevod.<\/p>\n\n\n\n<p><\/p>\n\n\n\n<p class=\"has-black-color has-text-color has-link-color wp-elements-6b514c3374fcb333f790a40c4dded306\">ScanLang GmbH ima ve\u010d kot 16 let izku\u0161enj z izvajanje prevajalskih projektov. S sede\u017eem na Dunaju, v Avstriji, smo v stiku z razli\u010dnimi jeziki, med drugim tudi s sloven\u0161\u010dino. Nase primarno podro\u010dje zavzema skandinavske jezike, kot so fin\u0161\u010dina, norve\u0161\u010dina ali \u0161ved\u0161\u010dina, od leta&nbsp; 2016 pa se ukvarjamo tudi s projekti v drugih jezikih, kot sloven\u0161\u010dina, italijan\u0161\u010dina, \u0161pan\u0161\u010dina itd.<\/p>\n\n\n\n<p><\/p>\n\n\n\n<div style=\"height:4px\" aria-hidden=\"true\" class=\"wp-block-spacer\"><\/div>\n\n\n\n<p class=\"has-black-color has-text-color has-link-color wp-elements-c78d0b9800d843d542f635da6d830b94\"><strong>V kolikor potrebujete tovrstne storitve, se bomo z veseljem potrudili, da najdemo skupaj idealno in hitro re\u0161itev za vas.<\/strong><\/p>\n","protected":false},"excerpt":{"rendered":"<p>Potrebujete prevajalstvo za tekst iz sloven\u0161\u010dine ali v sloven\u0161\u010dino? Ali pa potrebujete za va\u0161 sestanek v Avstrijizanesljivo tolma\u010denje, da bo potekel s pri\u010dakovanim uspehom? Od prevajalstva in lektoriranja do tolma\u010denja &#8230;<\/p>\n","protected":false},"author":1,"featured_media":0,"parent":0,"menu_order":0,"comment_status":"closed","ping_status":"closed","template":"template-fullwidth.php","meta":{"footnotes":""},"class_list":["post-4","page","type-page","status-publish","hentry"],"yoast_head":"<!-- This site is optimized with the Yoast SEO Premium plugin v27.2 (Yoast SEO v27.6) - https:\/\/yoast.com\/product\/yoast-seo-premium-wordpress\/ -->\n<title>ScanLang - linguisti\u010dne storitve iz sloven\u0161\u010dine in v sloven\u0161\u010dino<\/title>\n<meta name=\"description\" content=\"Od prevajalstva in lektoriranja do tolma\u010denja \u2013 mi se prilagodimo va\u0161im potrebam zato da obdr\u017eite kakovosten resultat.\" \/>\n<meta name=\"robots\" content=\"index, follow, max-snippet:-1, max-image-preview:large, max-video-preview:-1\" \/>\n<link rel=\"canonical\" href=\"https:\/\/www.scanlang.at\/slovene\/\" \/>\n<meta property=\"og:locale\" content=\"de_DE\" \/>\n<meta property=\"og:type\" content=\"article\" \/>\n<meta property=\"og:title\" content=\"ScanLang - linguisti\u010dne storitve iz sloven\u0161\u010dine in v sloven\u0161\u010dino\" \/>\n<meta property=\"og:description\" content=\"Od prevajalstva in lektoriranja do tolma\u010denja \u2013 mi se prilagodimo va\u0161im potrebam zato da obdr\u017eite kakovosten resultat.\" \/>\n<meta property=\"og:url\" content=\"https:\/\/www.scanlang.at\/slovene\/\" \/>\n<meta property=\"og:site_name\" content=\"ScanLang.at Sloven\u0161\u010dina\" \/>\n<meta property=\"article:modified_time\" content=\"2026-04-23T15:25:14+00:00\" \/>\n<meta property=\"og:image\" content=\"https:\/\/www.scanlang.at\/slovene\/wp-content\/uploads\/sites\/7\/2023\/10\/SLO_Webseite-1-scaled.jpg\" \/>\n\t<meta property=\"og:image:width\" content=\"2250\" \/>\n\t<meta property=\"og:image:height\" content=\"2560\" \/>\n\t<meta property=\"og:image:type\" content=\"image\/jpeg\" \/>\n<meta name=\"twitter:card\" content=\"summary_large_image\" \/>\n<meta name=\"twitter:label1\" content=\"Gesch\u00e4tzte Lesezeit\" \/>\n\t<meta name=\"twitter:data1\" content=\"2\u00a0Minuten\" \/>\n<script type=\"application\/ld+json\" class=\"yoast-schema-graph\">{\"@context\":\"https:\\\/\\\/schema.org\",\"@graph\":[{\"@type\":\"WebPage\",\"@id\":\"https:\\\/\\\/www.scanlang.at\\\/slovene\\\/\",\"url\":\"https:\\\/\\\/www.scanlang.at\\\/slovene\\\/\",\"name\":\"ScanLang - linguisti\u010dne storitve iz sloven\u0161\u010dine in v sloven\u0161\u010dino\",\"isPartOf\":{\"@id\":\"https:\\\/\\\/www.scanlang.at\\\/slovene\\\/#website\"},\"primaryImageOfPage\":{\"@id\":\"https:\\\/\\\/www.scanlang.at\\\/slovene\\\/#primaryimage\"},\"image\":{\"@id\":\"https:\\\/\\\/www.scanlang.at\\\/slovene\\\/#primaryimage\"},\"thumbnailUrl\":\"https:\\\/\\\/www.scanlang.at\\\/slovene\\\/wp-content\\\/uploads\\\/sites\\\/7\\\/2023\\\/10\\\/SLO_Webseite-1-900x1024.jpg\",\"datePublished\":\"2023-10-25T13:33:08+00:00\",\"dateModified\":\"2026-04-23T15:25:14+00:00\",\"description\":\"Od prevajalstva in lektoriranja do tolma\u010denja \u2013 mi se prilagodimo va\u0161im potrebam zato da obdr\u017eite kakovosten resultat.\",\"breadcrumb\":{\"@id\":\"https:\\\/\\\/www.scanlang.at\\\/slovene\\\/#breadcrumb\"},\"inLanguage\":\"de\",\"potentialAction\":[{\"@type\":\"ReadAction\",\"target\":[\"https:\\\/\\\/www.scanlang.at\\\/slovene\\\/\"]}]},{\"@type\":\"ImageObject\",\"inLanguage\":\"de\",\"@id\":\"https:\\\/\\\/www.scanlang.at\\\/slovene\\\/#primaryimage\",\"url\":\"https:\\\/\\\/www.scanlang.at\\\/slovene\\\/wp-content\\\/uploads\\\/sites\\\/7\\\/2023\\\/10\\\/SLO_Webseite-1-scaled.jpg\",\"contentUrl\":\"https:\\\/\\\/www.scanlang.at\\\/slovene\\\/wp-content\\\/uploads\\\/sites\\\/7\\\/2023\\\/10\\\/SLO_Webseite-1-scaled.jpg\",\"width\":2250,\"height\":2560},{\"@type\":\"BreadcrumbList\",\"@id\":\"https:\\\/\\\/www.scanlang.at\\\/slovene\\\/#breadcrumb\",\"itemListElement\":[{\"@type\":\"ListItem\",\"position\":1,\"name\":\"Startseite\",\"item\":\"https:\\\/\\\/www.scanlang.at\\\/slovene\\\/\"},{\"@type\":\"ListItem\",\"position\":2,\"name\":\"ScanLang &#8211; linguisti\u010dne storitve iz sloven\u0161\u010dine in v sloven\u0161\u010dino\"}]},{\"@type\":\"WebSite\",\"@id\":\"https:\\\/\\\/www.scanlang.at\\\/slovene\\\/#website\",\"url\":\"https:\\\/\\\/www.scanlang.at\\\/slovene\\\/\",\"name\":\"ScanLang.at Sloven\u0161\u010dina\",\"description\":\"\",\"publisher\":{\"@id\":\"https:\\\/\\\/www.scanlang.at\\\/slovene\\\/#organization\"},\"potentialAction\":[{\"@type\":\"SearchAction\",\"target\":{\"@type\":\"EntryPoint\",\"urlTemplate\":\"https:\\\/\\\/www.scanlang.at\\\/slovene\\\/?s={search_term_string}\"},\"query-input\":{\"@type\":\"PropertyValueSpecification\",\"valueRequired\":true,\"valueName\":\"search_term_string\"}}],\"inLanguage\":\"de\"},{\"@type\":\"Organization\",\"@id\":\"https:\\\/\\\/www.scanlang.at\\\/slovene\\\/#organization\",\"name\":\"ScanLang.at Sloven\u0161\u010dina\",\"url\":\"https:\\\/\\\/www.scanlang.at\\\/slovene\\\/\",\"logo\":{\"@type\":\"ImageObject\",\"inLanguage\":\"de\",\"@id\":\"https:\\\/\\\/www.scanlang.at\\\/slovene\\\/#\\\/schema\\\/logo\\\/image\\\/\",\"url\":\"https:\\\/\\\/www.scanlang.at\\\/slovene\\\/wp-content\\\/uploads\\\/sites\\\/7\\\/2023\\\/10\\\/sl_rgb.png\",\"contentUrl\":\"https:\\\/\\\/www.scanlang.at\\\/slovene\\\/wp-content\\\/uploads\\\/sites\\\/7\\\/2023\\\/10\\\/sl_rgb.png\",\"width\":396,\"height\":120,\"caption\":\"ScanLang.at Sloven\u0161\u010dina\"},\"image\":{\"@id\":\"https:\\\/\\\/www.scanlang.at\\\/slovene\\\/#\\\/schema\\\/logo\\\/image\\\/\"}}]}<\/script>\n<!-- \/ Yoast SEO Premium plugin. -->","yoast_head_json":{"title":"ScanLang - linguisti\u010dne storitve iz sloven\u0161\u010dine in v sloven\u0161\u010dino","description":"Od prevajalstva in lektoriranja do tolma\u010denja \u2013 mi se prilagodimo va\u0161im potrebam zato da obdr\u017eite kakovosten resultat.","robots":{"index":"index","follow":"follow","max-snippet":"max-snippet:-1","max-image-preview":"max-image-preview:large","max-video-preview":"max-video-preview:-1"},"canonical":"https:\/\/www.scanlang.at\/slovene\/","og_locale":"de_DE","og_type":"article","og_title":"ScanLang - linguisti\u010dne storitve iz sloven\u0161\u010dine in v sloven\u0161\u010dino","og_description":"Od prevajalstva in lektoriranja do tolma\u010denja \u2013 mi se prilagodimo va\u0161im potrebam zato da obdr\u017eite kakovosten resultat.","og_url":"https:\/\/www.scanlang.at\/slovene\/","og_site_name":"ScanLang.at Sloven\u0161\u010dina","article_modified_time":"2026-04-23T15:25:14+00:00","og_image":[{"width":2250,"height":2560,"url":"https:\/\/www.scanlang.at\/slovene\/wp-content\/uploads\/sites\/7\/2023\/10\/SLO_Webseite-1-scaled.jpg","type":"image\/jpeg"}],"twitter_card":"summary_large_image","twitter_misc":{"Gesch\u00e4tzte Lesezeit":"2\u00a0Minuten"},"schema":{"@context":"https:\/\/schema.org","@graph":[{"@type":"WebPage","@id":"https:\/\/www.scanlang.at\/slovene\/","url":"https:\/\/www.scanlang.at\/slovene\/","name":"ScanLang - linguisti\u010dne storitve iz sloven\u0161\u010dine in v sloven\u0161\u010dino","isPartOf":{"@id":"https:\/\/www.scanlang.at\/slovene\/#website"},"primaryImageOfPage":{"@id":"https:\/\/www.scanlang.at\/slovene\/#primaryimage"},"image":{"@id":"https:\/\/www.scanlang.at\/slovene\/#primaryimage"},"thumbnailUrl":"https:\/\/www.scanlang.at\/slovene\/wp-content\/uploads\/sites\/7\/2023\/10\/SLO_Webseite-1-900x1024.jpg","datePublished":"2023-10-25T13:33:08+00:00","dateModified":"2026-04-23T15:25:14+00:00","description":"Od prevajalstva in lektoriranja do tolma\u010denja \u2013 mi se prilagodimo va\u0161im potrebam zato da obdr\u017eite kakovosten resultat.","breadcrumb":{"@id":"https:\/\/www.scanlang.at\/slovene\/#breadcrumb"},"inLanguage":"de","potentialAction":[{"@type":"ReadAction","target":["https:\/\/www.scanlang.at\/slovene\/"]}]},{"@type":"ImageObject","inLanguage":"de","@id":"https:\/\/www.scanlang.at\/slovene\/#primaryimage","url":"https:\/\/www.scanlang.at\/slovene\/wp-content\/uploads\/sites\/7\/2023\/10\/SLO_Webseite-1-scaled.jpg","contentUrl":"https:\/\/www.scanlang.at\/slovene\/wp-content\/uploads\/sites\/7\/2023\/10\/SLO_Webseite-1-scaled.jpg","width":2250,"height":2560},{"@type":"BreadcrumbList","@id":"https:\/\/www.scanlang.at\/slovene\/#breadcrumb","itemListElement":[{"@type":"ListItem","position":1,"name":"Startseite","item":"https:\/\/www.scanlang.at\/slovene\/"},{"@type":"ListItem","position":2,"name":"ScanLang &#8211; linguisti\u010dne storitve iz sloven\u0161\u010dine in v sloven\u0161\u010dino"}]},{"@type":"WebSite","@id":"https:\/\/www.scanlang.at\/slovene\/#website","url":"https:\/\/www.scanlang.at\/slovene\/","name":"ScanLang.at Sloven\u0161\u010dina","description":"","publisher":{"@id":"https:\/\/www.scanlang.at\/slovene\/#organization"},"potentialAction":[{"@type":"SearchAction","target":{"@type":"EntryPoint","urlTemplate":"https:\/\/www.scanlang.at\/slovene\/?s={search_term_string}"},"query-input":{"@type":"PropertyValueSpecification","valueRequired":true,"valueName":"search_term_string"}}],"inLanguage":"de"},{"@type":"Organization","@id":"https:\/\/www.scanlang.at\/slovene\/#organization","name":"ScanLang.at Sloven\u0161\u010dina","url":"https:\/\/www.scanlang.at\/slovene\/","logo":{"@type":"ImageObject","inLanguage":"de","@id":"https:\/\/www.scanlang.at\/slovene\/#\/schema\/logo\/image\/","url":"https:\/\/www.scanlang.at\/slovene\/wp-content\/uploads\/sites\/7\/2023\/10\/sl_rgb.png","contentUrl":"https:\/\/www.scanlang.at\/slovene\/wp-content\/uploads\/sites\/7\/2023\/10\/sl_rgb.png","width":396,"height":120,"caption":"ScanLang.at Sloven\u0161\u010dina"},"image":{"@id":"https:\/\/www.scanlang.at\/slovene\/#\/schema\/logo\/image\/"}}]}},"_links":{"self":[{"href":"https:\/\/www.scanlang.at\/slovene\/wp-json\/wp\/v2\/pages\/4","targetHints":{"allow":["GET"]}}],"collection":[{"href":"https:\/\/www.scanlang.at\/slovene\/wp-json\/wp\/v2\/pages"}],"about":[{"href":"https:\/\/www.scanlang.at\/slovene\/wp-json\/wp\/v2\/types\/page"}],"author":[{"embeddable":true,"href":"https:\/\/www.scanlang.at\/slovene\/wp-json\/wp\/v2\/users\/1"}],"replies":[{"embeddable":true,"href":"https:\/\/www.scanlang.at\/slovene\/wp-json\/wp\/v2\/comments?post=4"}],"version-history":[{"count":7,"href":"https:\/\/www.scanlang.at\/slovene\/wp-json\/wp\/v2\/pages\/4\/revisions"}],"predecessor-version":[{"id":44,"href":"https:\/\/www.scanlang.at\/slovene\/wp-json\/wp\/v2\/pages\/4\/revisions\/44"}],"wp:attachment":[{"href":"https:\/\/www.scanlang.at\/slovene\/wp-json\/wp\/v2\/media?parent=4"}],"curies":[{"name":"wp","href":"https:\/\/api.w.org\/{rel}","templated":true}]}}